{"id":4903,"date":"2024-11-10T11:32:26","date_gmt":"2024-11-10T10:32:26","guid":{"rendered":"https:\/\/tralli.es\/?page_id=4903"},"modified":"2025-06-02T12:40:53","modified_gmt":"2025-06-02T11:40:53","slug":"cookie-richtlinie","status":"publish","type":"page","link":"https:\/\/tralli.es\/de\/cookie-policy\/","title":{"rendered":"Cookie-Richtlinie"},"content":{"rendered":"<div data-elementor-type=\"wp-page\" data-elementor-id=\"4903\" class=\"elementor elementor-4903\" data-elementor-post-type=\"page\">\n\t\t\t\t\t\t<section class=\"elementor-section elementor-top-section elementor-element elementor-element-e62a1f5 elementor-section-boxed elementor-section-height-default elementor-section-height-default\" data-id=\"e62a1f5\" data-element_type=\"section\" data-e-type=\"section\">\n\t\t\t\t\t\t<div class=\"elementor-container elementor-column-gap-default\">\n\t\t\t\t\t<div class=\"elementor-column elementor-col-100 elementor-top-column elementor-element elementor-element-c3c2d32\" data-id=\"c3c2d32\" data-element_type=\"column\" data-e-type=\"column\">\n\t\t\t<div class=\"elementor-widget-wrap elementor-element-populated\">\n\t\t\t\t\t\t<div class=\"elementor-element elementor-element-b2d7ed2 elementor-widget elementor-widget-html\" data-id=\"b2d7ed2\" data-element_type=\"widget\" data-e-type=\"widget\" data-widget_type=\"html.default\">\n\t\t\t\t\t<style>\n    a.cky-banner-element {\n        padding: 8px 30px;\n        background: #F8F9FA;\n        color: #858A8F;\n        border: 1px solid #DEE2E6;\n        box-sizing: border-box;\n        border-radius: 2px;\n        cursor: pointer;\n}\n<\/style>\n<h1 class=\"cookie-policy-h1\">Cookie-Richtlinie<\/h1>\n<p>\n    G\u00fcltig ab: 22. Januar 2025 <br>\n    Letzte Aktualisierung: 22. Januar 2025\n<\/p>\n\n&nbsp;\n<h5>Was sind Cookies?<\/h5>\n<div class=\"cookie-policy-p\"><p>Diese Cookie-Richtlinie erkl\u00e4rt, was Cookies sind und wie wir sie verwenden, welche Arten von Cookies wir verwenden, d. h. welche Informationen wir mithilfe von Cookies sammeln und wie diese Informationen verwendet werden, und wie Sie die Cookie-Einstellungen verwalten k\u00f6nnen.<\/p> <p>Cookies sind kleine Textdateien, die Informationen speichern. Sie werden auf Ihrem Ger\u00e4t gespeichert, sobald Sie die Website in Ihrem Browser aufrufen. Mithilfe dieser Cookies stellen wir sicher, dass die Website einwandfrei funktioniert, sicherer ist, ein besseres Nutzererlebnis bietet und die Website-Performance analysiert, um herauszufinden, was gut funktioniert und wo Verbesserungsbedarf besteht.<\/p><\/div>\n\n&nbsp;\n<h5>Wie verwenden wir Cookies?<\/h5>\n<div class=\"cookie-policy-p\"><p>Wie die meisten Online-Dienste verwendet auch unsere Website Erstanbieter- und Drittanbieter-Cookies f\u00fcr verschiedene Zwecke. Erstanbieter-Cookies sind gr\u00f6\u00dftenteils notwendig, damit die Website ordnungsgem\u00e4\u00df funktioniert, und sie erfassen keine Ihrer personenbezogenen Daten.<\/p> <p>Die auf unserer Website verwendeten Cookies von Drittanbietern dienen haupts\u00e4chlich dazu, die Leistung der Website zu verstehen, Ihre Interaktion mit unserer Website zu analysieren, die Sicherheit unserer Dienste zu gew\u00e4hrleisten, Ihnen relevante Werbung anzuzeigen und Ihnen insgesamt ein besseres Benutzererlebnis zu bieten sowie Ihre zuk\u00fcnftigen Interaktionen mit unserer Website zu beschleunigen.<\/p><\/div>\n\n&nbsp;\n    <h5>Arten von Cookies, die wir verwenden<\/h5>\n\n    <div class=\"cky-audit-table-element\"><\/div>\n\n&nbsp;\n    <h5 style=\"margin-bottom:20px;\">Cookie-Einstellungen verwalten<\/h5>\n\n    <a class=\"cky-banner-element\">Cookie-Einstellungen<\/a> <br\/>\n\n    <div><p>Sie k\u00f6nnen Ihre Cookie-Einstellungen jederzeit \u00e4ndern, indem Sie auf die Schaltfl\u00e4che oben klicken. Dadurch gelangen Sie erneut zum Cookie-Banner und k\u00f6nnen Ihre Einstellungen \u00e4ndern oder Ihre Einwilligung sofort widerrufen. <\/p> <p>Dar\u00fcber hinaus bieten verschiedene Browser unterschiedliche Methoden zum Blockieren und L\u00f6schen von Website-Cookies. Sie k\u00f6nnen die Einstellungen Ihres Browsers entsprechend anpassen. Nachfolgend finden Sie Links zu den Hilfedokumenten, die Ihnen erkl\u00e4ren, wie Sie Cookies in den g\u00e4ngigen Webbrowsern verwalten und l\u00f6schen.<\/p> <p>Chrom: <a target=\"_blank\" href=\"https:\/\/support.google.com\/accounts\/answer\/32050\">https:\/\/support.google.com\/accounts\/answer\/32050<\/a><\/p><p>Safari: <a target=\"_blank\" href=\"https:\/\/support.apple.com\/en-in\/guide\/safari\/sfri11471\/mac\">https:\/\/support.apple.com\/en-in\/guide\/safari\/sfri11471\/mac<\/a><\/p><p>Firefox: <a target=\"_blank\" href=\"https:\/\/support.mozilla.org\/en-US\/kb\/clear-cookies-and-site-data-firefox?redirectslug=delete-cookies-remove-info-websites-stored&amp;redirectlocale=en-US\">https:\/\/support.mozilla.org\/en-US\/kb\/clear-cookies-and-site-data-firefox?redirectslug=delete-cookies-remove-info-websites-stored&amp;redirectlocale=en-US<\/a><\/p><p>Internet Explorer: <a target=\"_blank\" href=\"https:\/\/support.microsoft.com\/en-us\/topic\/how-to-delete-cookie-files-in-internet-explorer-bca9446f-d873-78de-77ba-d42645fa52fc\">https:\/\/support.microsoft.com\/en-us\/topic\/how-to-delete-cookie-files-in-internet-explorer-bca9446f-d873-78de-77ba-d42645fa52fc<\/a><\/p><p>Falls Sie einen anderen Webbrowser verwenden, besuchen Sie bitte die offizielle Support-Dokumentation Ihres Browsers.<\/p><\/div>\n\n\n&nbsp;\n<p class=\"cookie-policy-p\">\n    Cookie-Richtlinie generiert von  <a target=\"_blank\" href=\"https:\/\/www.cookieyes.com\/?utm_source=CP&utm_medium=footer&utm_campaign=UW\">CookieYes \u2013 Generator f\u00fcr Cookie-Richtlinien<\/a>.\n<\/p>\t\t\t\t<\/div>\n\t\t\t\t<div class=\"elementor-element elementor-element-7a4c2ef elementor-widget__width-inherit elementor-hidden-widescreen elementor-hidden-desktop elementor-hidden-laptop elementor-hidden-tablet_extra elementor-hidden-tablet elementor-hidden-mobile_extra elementor-hidden-mobile elementor-widget elementor-widget-heading\" data-id=\"7a4c2ef\" data-element_type=\"widget\" data-e-type=\"widget\" data-widget_type=\"heading.default\">\n\t\t\t\t\t<h2 class=\"elementor-heading-title elementor-size-default\">Cookie-Richtlinie<\/h2>\t\t\t\t<\/div>\n\t\t\t\t<div class=\"elementor-element elementor-element-3a1a4b1 elementor-hidden-widescreen elementor-hidden-desktop elementor-hidden-laptop elementor-hidden-tablet_extra elementor-hidden-tablet elementor-hidden-mobile_extra elementor-hidden-mobile elementor-widget elementor-widget-spacer\" data-id=\"3a1a4b1\" data-element_type=\"widget\" data-e-type=\"widget\" data-widget_type=\"spacer.default\">\n\t\t\t\t\t\t\t<div class=\"elementor-spacer\">\n\t\t\t<div class=\"elementor-spacer-inner\"><\/div>\n\t\t<\/div>\n\t\t\t\t\t\t<\/div>\n\t\t\t\t<div class=\"elementor-element elementor-element-52b90f4 elementor-hidden-widescreen elementor-hidden-desktop elementor-hidden-laptop elementor-hidden-tablet_extra elementor-hidden-tablet elementor-hidden-mobile_extra elementor-hidden-mobile elementor-widget elementor-widget-text-editor\" data-id=\"52b90f4\" data-element_type=\"widget\" data-e-type=\"widget\" data-widget_type=\"text-editor.default\">\n\t\t\t\t\t\t\t\t\t<p><span style=\"color: #e9ad7a;\"><strong>Letzte Aktualisierung: <span style=\"color: #ffffff;\">10. November 2024<\/span><\/strong><\/span><\/p>\t\t\t\t\t\t\t\t<\/div>\n\t\t\t\t<div class=\"elementor-element elementor-element-ff9f382 elementor-hidden-widescreen elementor-hidden-desktop elementor-hidden-laptop elementor-hidden-tablet_extra elementor-hidden-tablet elementor-hidden-mobile_extra elementor-hidden-mobile elementor-widget elementor-widget-spacer\" data-id=\"ff9f382\" data-element_type=\"widget\" data-e-type=\"widget\" data-widget_type=\"spacer.default\">\n\t\t\t\t\t\t\t<div class=\"elementor-spacer\">\n\t\t\t<div class=\"elementor-spacer-inner\"><\/div>\n\t\t<\/div>\n\t\t\t\t\t\t<\/div>\n\t\t\t\t<div class=\"elementor-element elementor-element-09d7980 elementor-hidden-widescreen elementor-hidden-desktop elementor-hidden-laptop elementor-hidden-tablet_extra elementor-hidden-tablet elementor-hidden-mobile_extra elementor-hidden-mobile elementor-widget elementor-widget-text-editor\" data-id=\"09d7980\" data-element_type=\"widget\" data-e-type=\"widget\" data-widget_type=\"text-editor.default\">\n\t\t\t\t\t\t\t\t\t<p><span style=\"color: #e9ad7a;\"><strong>\u00dcber diese Cookie-Richtlinie<\/strong><\/span><\/p><p>Diese Cookie-Richtlinie erkl\u00e4rt, was Cookies sind und wie wir sie verwenden, welche Arten von Cookies wir einsetzen (d. h. welche Informationen wir mithilfe von Cookies sammeln) und wie diese Informationen verwendet werden, sowie wie Sie Ihre Cookie-Einstellungen verwalten k\u00f6nnen. Weitere Informationen dar\u00fcber, wie wir Ihre personenbezogenen Daten verwenden, speichern und sch\u00fctzen, finden Sie in unserer Datenschutzerkl\u00e4rung.<\/p><p>Sie k\u00f6nnen Ihre Einwilligung zur Cookie-Erkl\u00e4rung auf unserer Website jederzeit \u00e4ndern oder widerrufen.<\/p><p>In unserer Datenschutzerkl\u00e4rung erfahren Sie mehr dar\u00fcber, wer wir sind, wie Sie uns kontaktieren k\u00f6nnen und wie wir personenbezogene Daten verarbeiten.<\/p><p>Ihre Einwilligung gilt f\u00fcr die folgenden Domains und deren Subdomains: <a href=\"https:\/\/tralli.es\/de\/\">tralli.es<\/a><\/p><p>[user_consent_state]<\/p>\t\t\t\t\t\t\t\t<\/div>\n\t\t\t\t<div class=\"elementor-element elementor-element-3498e9e elementor-hidden-widescreen elementor-hidden-desktop elementor-hidden-laptop elementor-hidden-tablet_extra elementor-hidden-tablet elementor-hidden-mobile_extra elementor-hidden-mobile elementor-widget elementor-widget-spacer\" data-id=\"3498e9e\" data-element_type=\"widget\" data-e-type=\"widget\" data-widget_type=\"spacer.default\">\n\t\t\t\t\t\t\t<div class=\"elementor-spacer\">\n\t\t\t<div class=\"elementor-spacer-inner\"><\/div>\n\t\t<\/div>\n\t\t\t\t\t\t<\/div>\n\t\t\t\t<div class=\"elementor-element elementor-element-7f0fdc4 elementor-hidden-widescreen elementor-hidden-desktop elementor-hidden-laptop elementor-hidden-tablet_extra elementor-hidden-tablet elementor-hidden-mobile_extra elementor-hidden-mobile elementor-widget elementor-widget-text-editor\" data-id=\"7f0fdc4\" data-element_type=\"widget\" data-e-type=\"widget\" data-widget_type=\"text-editor.default\">\n\t\t\t\t\t\t\t\t\t<p><span style=\"color: #e9ad7a;\"><strong>Was sind Cookies?<\/strong><\/span><\/p><p>Cookies sind kleine Textdateien, die Informationen speichern. Sie werden auf Ihrem Ger\u00e4t gespeichert, sobald Sie die Website in Ihrem Browser aufrufen. Mithilfe dieser Cookies stellen wir sicher, dass die Website einwandfrei funktioniert, sicherer ist, ein besseres Nutzererlebnis bietet und die Website-Performance analysiert, um herauszufinden, was gut funktioniert und wo Verbesserungsbedarf besteht.<\/p>\t\t\t\t\t\t\t\t<\/div>\n\t\t\t\t<div class=\"elementor-element elementor-element-8b26ff3 elementor-hidden-widescreen elementor-hidden-desktop elementor-hidden-laptop elementor-hidden-tablet_extra elementor-hidden-tablet elementor-hidden-mobile_extra elementor-hidden-mobile elementor-widget elementor-widget-spacer\" data-id=\"8b26ff3\" data-element_type=\"widget\" data-e-type=\"widget\" data-widget_type=\"spacer.default\">\n\t\t\t\t\t\t\t<div class=\"elementor-spacer\">\n\t\t\t<div class=\"elementor-spacer-inner\"><\/div>\n\t\t<\/div>\n\t\t\t\t\t\t<\/div>\n\t\t\t\t<div class=\"elementor-element elementor-element-e28fc14 elementor-hidden-widescreen elementor-hidden-desktop elementor-hidden-laptop elementor-hidden-tablet_extra elementor-hidden-tablet elementor-hidden-mobile_extra elementor-hidden-mobile elementor-widget elementor-widget-text-editor\" data-id=\"e28fc14\" data-element_type=\"widget\" data-e-type=\"widget\" data-widget_type=\"text-editor.default\">\n\t\t\t\t\t\t\t\t\t<p><span style=\"color: #e9ad7a;\"><strong>Wie verwenden wir Cookies?<\/strong><\/span><\/p><p>Wie die meisten Online-Dienste verwendet auch unsere Website Erstanbieter- und Drittanbieter-Cookies f\u00fcr verschiedene Zwecke. Erstanbieter-Cookies sind gr\u00f6\u00dftenteils notwendig, damit die Website ordnungsgem\u00e4\u00df funktioniert, und sie erfassen keine Ihrer personenbezogenen Daten.<\/p><p>Die auf unserer Website verwendeten Cookies von Drittanbietern dienen haupts\u00e4chlich dazu, die Leistung der Website zu verstehen, Ihre Interaktion mit unserer Website zu analysieren, die Sicherheit unserer Dienste zu gew\u00e4hrleisten, Ihnen relevante Werbung anzuzeigen und Ihnen insgesamt ein besseres Benutzererlebnis zu bieten sowie Ihre zuk\u00fcnftigen Interaktionen mit unserer Website zu beschleunigen.<\/p>\t\t\t\t\t\t\t\t<\/div>\n\t\t\t\t<div class=\"elementor-element elementor-element-b53e5bd elementor-hidden-widescreen elementor-hidden-desktop elementor-hidden-laptop elementor-hidden-tablet_extra elementor-hidden-tablet elementor-hidden-mobile_extra elementor-hidden-mobile elementor-widget elementor-widget-spacer\" data-id=\"b53e5bd\" data-element_type=\"widget\" data-e-type=\"widget\" data-widget_type=\"spacer.default\">\n\t\t\t\t\t\t\t<div class=\"elementor-spacer\">\n\t\t\t<div class=\"elementor-spacer-inner\"><\/div>\n\t\t<\/div>\n\t\t\t\t\t\t<\/div>\n\t\t\t\t<div class=\"elementor-element elementor-element-d62b989 elementor-hidden-widescreen elementor-hidden-desktop elementor-hidden-laptop elementor-hidden-tablet_extra elementor-hidden-tablet elementor-hidden-mobile_extra elementor-hidden-mobile elementor-widget elementor-widget-text-editor\" data-id=\"d62b989\" data-element_type=\"widget\" data-e-type=\"widget\" data-widget_type=\"text-editor.default\">\n\t\t\t\t\t\t\t\t\t<p><span style=\"color: #e9ad7a;\"><strong>Welche Arten von Cookies verwenden wir?<\/strong><\/span><\/p><p><span style=\"font-weight: bold;\">Essentiell:<\/span> Einige Cookies sind unerl\u00e4sslich, damit Sie alle Funktionen unserer Website nutzen k\u00f6nnen. Sie erm\u00f6glichen es uns, Benutzersitzungen aufrechtzuerhalten und Sicherheitsbedrohungen vorzubeugen. Sie erfassen oder speichern keine personenbezogenen Daten. Beispielsweise erm\u00f6glichen Ihnen diese Cookies, sich in Ihr Konto einzuloggen, Produkte in Ihren Warenkorb zu legen und sicher zur Kasse zu gehen.<\/p><p><span style=\"font-weight: bold;\">Statistiken:<\/span> Diese Cookies speichern Informationen wie die Anzahl der Website-Besucher, die Anzahl der eindeutigen Besucher, welche Seiten der Website besucht wurden, die Quelle des Besuchs usw. Diese Daten helfen uns zu verstehen und zu analysieren, wie gut die Website funktioniert und wo Verbesserungsbedarf besteht.<\/p><p><span style=\"font-weight: bold;\">Marketing:<\/span> Unsere Website zeigt Werbung an. Mithilfe dieser Cookies k\u00f6nnen wir die Ihnen angezeigten Werbeanzeigen personalisieren und so f\u00fcr Sie relevant gestalten. Diese Cookies helfen uns au\u00dferdem, die Effektivit\u00e4t unserer Werbekampagnen zu messen.<\/p><p>Die in diesen Cookies gespeicherten Informationen k\u00f6nnen auch von Drittanbietern genutzt werden, um Ihnen \u00fcber denselben Browser auch auf anderen Webseiten Werbung anzuzeigen.<\/p><p><span style=\"font-weight: bold;\">Funktional:<\/span> Diese Cookies erm\u00f6glichen bestimmte, nicht unbedingt notwendige Funktionen auf unserer Website. Dazu geh\u00f6ren beispielsweise das Einbetten von Inhalten wie Videos oder das Teilen von Website-Inhalten auf Social-Media-Plattformen.<\/p><p><span style=\"font-weight: bold;\">Pr\u00e4ferenzen:<\/span> Diese Cookies helfen uns, Ihre Einstellungen und Browsing-Pr\u00e4ferenzen, wie z. B. Ihre Sprachpr\u00e4ferenzen, zu speichern, damit Sie bei zuk\u00fcnftigen Besuchen auf der Website ein besseres und effizienteres Erlebnis haben.<\/p><p>[cookie_audit columns=\u201dcookie,description\u201d heading=\u201dDie folgende Liste beschreibt die auf unserer Website verwendeten Cookies.\u201d]<\/p>\t\t\t\t\t\t\t\t<\/div>\n\t\t\t\t<div class=\"elementor-element elementor-element-96acb0c elementor-hidden-widescreen elementor-hidden-desktop elementor-hidden-laptop elementor-hidden-tablet_extra elementor-hidden-tablet elementor-hidden-mobile_extra elementor-hidden-mobile elementor-widget elementor-widget-spacer\" data-id=\"96acb0c\" data-element_type=\"widget\" data-e-type=\"widget\" data-widget_type=\"spacer.default\">\n\t\t\t\t\t\t\t<div class=\"elementor-spacer\">\n\t\t\t<div class=\"elementor-spacer-inner\"><\/div>\n\t\t<\/div>\n\t\t\t\t\t\t<\/div>\n\t\t\t\t<div class=\"elementor-element elementor-element-bb6a632 elementor-hidden-widescreen elementor-hidden-desktop elementor-hidden-laptop elementor-hidden-tablet_extra elementor-hidden-tablet elementor-hidden-mobile_extra elementor-hidden-mobile elementor-widget elementor-widget-text-editor\" data-id=\"bb6a632\" data-element_type=\"widget\" data-e-type=\"widget\" data-widget_type=\"text-editor.default\">\n\t\t\t\t\t\t\t\t\t<p><span style=\"color: #e9ad7a;\"><strong>Wie kann ich die Cookie-Einstellungen steuern?<\/strong><\/span><\/p><p>Falls Sie Ihre Einstellungen im Laufe Ihrer Browsersitzung \u00e4ndern m\u00f6chten, klicken Sie auf den Tab \u201cEinwilligung verwalten\u201d. Dadurch wird der Einwilligungshinweis erneut angezeigt, sodass Sie Ihre Einstellungen \u00e4ndern oder Ihre Einwilligung vollst\u00e4ndig widerrufen k\u00f6nnen.<\/p><p>Dar\u00fcber hinaus bieten verschiedene Browser unterschiedliche Methoden zum Blockieren und L\u00f6schen von Website-Cookies. Sie k\u00f6nnen die Einstellungen Ihres Browsers entsprechend anpassen. Weitere Informationen zum Verwalten und L\u00f6schen von Cookies finden Sie unter [Link einf\u00fcgen]. <a href=\"https:\/\/en.wikipedia.org\/wiki\/HTTP_cookie\" target=\"_blank\" rel=\"nofollow noopener\">wikipedia.org<\/a>, <a href=\"http:\/\/www.allaboutcookies.org\/\" target=\"_blank\" rel=\"nofollow noopener\">www.allaboutcookies.org<\/a><\/p>\t\t\t\t\t\t\t\t<\/div>\n\t\t\t\t\t<\/div>\n\t\t<\/div>\n\t\t\t\t\t<\/div>\n\t\t<\/section>\n\t\t\t\t<\/div>","protected":false},"excerpt":{"rendered":"<p>Cookie-Richtlinie G\u00fcltig ab: 22. Januar 2025 Letzte Aktualisierung: 22. Januar 2025 Was sind Cookies? Diese Cookie-Richtlinie erkl\u00e4rt, was Cookies sind und wie wir sie verwenden, welche Arten von Cookies wir einsetzen (d. h. welche Informationen wir mithilfe von Cookies sammeln und wie diese Informationen verwendet werden) und wie Sie die Cookie-Einstellungen verwalten k\u00f6nnen. Cookies sind kleine Textdateien\u2026 <a class=\"more-link\" href=\"https:\/\/tralli.es\/de\/cookie-policy\/\">Weiterlesen <span class=\"screen-reader-text\">Cookie-Richtlinie<\/span><\/a><\/p>","protected":false},"author":1,"featured_media":0,"parent":0,"menu_order":0,"comment_status":"closed","ping_status":"closed","template":"elementor_header_footer","meta":{"content-type":"","footnotes":""},"class_list":["post-4903","page","type-page","status-publish","hentry","entry"],"yoast_head":"<!-- This site is optimized with the Yoast SEO plugin v27.4 - https:\/\/yoast.com\/product\/yoast-seo-wordpress\/ -->\n<title>Cookie Policy | Tralli<\/title>\n<meta name=\"description\" content=\"Read our cookie policy to learn how Tralli uses data to provide a secure, smooth, and personalized experience while browsing our website.\" \/>\n<meta name=\"robots\" content=\"noindex, follow\" \/>\n<meta property=\"og:locale\" content=\"de_DE\" \/>\n<meta property=\"og:type\" content=\"article\" \/>\n<meta property=\"og:title\" content=\"Cookie Policy | Tralli\" \/>\n<meta property=\"og:description\" content=\"Read our cookie policy to learn how Tralli uses data to provide a secure, smooth, and personalized experience while browsing our website.\" \/>\n<meta property=\"og:url\" content=\"https:\/\/tralli.es\/de\/cookie-richtlinie\/\" \/>\n<meta property=\"og:site_name\" content=\"Tralli\" \/>\n<meta property=\"article:modified_time\" content=\"2025-06-02T11:40:53+00:00\" \/>\n<meta property=\"og:image\" content=\"https:\/\/tralli.es\/wp-content\/uploads\/2024\/11\/Screenshot-2024-11-14-at-17.23.59.webp\" \/>\n\t<meta property=\"og:image:width\" content=\"1901\" \/>\n\t<meta property=\"og:image:height\" content=\"837\" \/>\n\t<meta property=\"og:image:type\" content=\"image\/webp\" \/>\n<meta name=\"twitter:card\" content=\"summary_large_image\" \/>\n<meta name=\"twitter:label1\" content=\"Est. reading time\" \/>\n\t<meta name=\"twitter:data1\" content=\"5 minutes\" \/>\n<script type=\"application\/ld+json\" class=\"yoast-schema-graph\">{\"@context\":\"https:\\\/\\\/schema.org\",\"@graph\":[{\"@type\":\"WebPage\",\"@id\":\"https:\\\/\\\/tralli.es\\\/de\\\/cookie-policy\\\/\",\"url\":\"https:\\\/\\\/tralli.es\\\/de\\\/cookie-policy\\\/\",\"name\":\"Cookie Policy | Tralli\",\"isPartOf\":{\"@id\":\"https:\\\/\\\/tralli.es\\\/de\\\/#website\"},\"datePublished\":\"2024-11-10T10:32:26+00:00\",\"dateModified\":\"2025-06-02T11:40:53+00:00\",\"description\":\"Read our cookie policy to learn how Tralli uses data to provide a secure, smooth, and personalized experience while browsing our website.\",\"breadcrumb\":{\"@id\":\"https:\\\/\\\/tralli.es\\\/de\\\/cookie-policy\\\/#breadcrumb\"},\"inLanguage\":\"de-DE\",\"potentialAction\":[{\"@type\":\"ReadAction\",\"target\":[\"https:\\\/\\\/tralli.es\\\/de\\\/cookie-policy\\\/\"]}]},{\"@type\":\"BreadcrumbList\",\"@id\":\"https:\\\/\\\/tralli.es\\\/de\\\/cookie-policy\\\/#breadcrumb\",\"itemListElement\":[{\"@type\":\"ListItem\",\"position\":1,\"name\":\"Home\",\"item\":\"https:\\\/\\\/tralli.es\\\/\"},{\"@type\":\"ListItem\",\"position\":2,\"name\":\"Cookie policy\"}]},{\"@type\":\"WebSite\",\"@id\":\"https:\\\/\\\/tralli.es\\\/de\\\/#website\",\"url\":\"https:\\\/\\\/tralli.es\\\/de\\\/\",\"name\":\"Tralli\",\"description\":\"Enjoy your luggage-free experience in Valencia!\",\"publisher\":{\"@id\":\"https:\\\/\\\/tralli.es\\\/de\\\/#organization\"},\"potentialAction\":[{\"@type\":\"SearchAction\",\"target\":{\"@type\":\"EntryPoint\",\"urlTemplate\":\"https:\\\/\\\/tralli.es\\\/de\\\/?s={search_term_string}\"},\"query-input\":{\"@type\":\"PropertyValueSpecification\",\"valueRequired\":true,\"valueName\":\"search_term_string\"}}],\"inLanguage\":\"de-DE\"},{\"@type\":\"Organization\",\"@id\":\"https:\\\/\\\/tralli.es\\\/de\\\/#organization\",\"name\":\"Tralli\",\"url\":\"https:\\\/\\\/tralli.es\\\/de\\\/\",\"logo\":{\"@type\":\"ImageObject\",\"inLanguage\":\"de-DE\",\"@id\":\"https:\\\/\\\/tralli.es\\\/de\\\/#\\\/schema\\\/logo\\\/image\\\/\",\"url\":\"https:\\\/\\\/tralli.es\\\/wp-content\\\/uploads\\\/2024\\\/11\\\/Main.png\",\"contentUrl\":\"https:\\\/\\\/tralli.es\\\/wp-content\\\/uploads\\\/2024\\\/11\\\/Main.png\",\"width\":2378,\"height\":984,\"caption\":\"Tralli\"},\"image\":{\"@id\":\"https:\\\/\\\/tralli.es\\\/de\\\/#\\\/schema\\\/logo\\\/image\\\/\"},\"sameAs\":[\"https:\\\/\\\/www.linkedin.com\\\/company\\\/tralli\\\/\",\"https:\\\/\\\/www.instagram.com\\\/tralli.es\\\/\"]}]}<\/script>\n<!-- \/ Yoast SEO plugin. -->","yoast_head_json":{"title":"Cookie-Richtlinie | Tralli","description":"Lesen Sie unsere Cookie-Richtlinien, um zu erfahren, wie Tralli Daten nutzt, um Ihnen ein sicheres, reibungsloses und personalisiertes Erlebnis beim Besuch unserer Website zu bieten.","robots":{"index":"noindex","follow":"follow"},"og_locale":"de_DE","og_type":"article","og_title":"Cookie Policy | Tralli","og_description":"Read our cookie policy to learn how Tralli uses data to provide a secure, smooth, and personalized experience while browsing our website.","og_url":"https:\/\/tralli.es\/de\/cookie-richtlinie\/","og_site_name":"Tralli","article_modified_time":"2025-06-02T11:40:53+00:00","og_image":[{"width":1901,"height":837,"url":"https:\/\/tralli.es\/wp-content\/uploads\/2024\/11\/Screenshot-2024-11-14-at-17.23.59.webp","type":"image\/webp"}],"twitter_card":"summary_large_image","twitter_misc":{"Est. reading time":"5 minutes"},"schema":{"@context":"https:\/\/schema.org","@graph":[{"@type":"WebPage","@id":"https:\/\/tralli.es\/de\/cookie-policy\/","url":"https:\/\/tralli.es\/de\/cookie-policy\/","name":"Cookie-Richtlinie | Tralli","isPartOf":{"@id":"https:\/\/tralli.es\/de\/#website"},"datePublished":"2024-11-10T10:32:26+00:00","dateModified":"2025-06-02T11:40:53+00:00","description":"Lesen Sie unsere Cookie-Richtlinien, um zu erfahren, wie Tralli Daten nutzt, um Ihnen ein sicheres, reibungsloses und personalisiertes Erlebnis beim Besuch unserer Website zu bieten.","breadcrumb":{"@id":"https:\/\/tralli.es\/de\/cookie-policy\/#breadcrumb"},"inLanguage":"de-DE","potentialAction":[{"@type":"ReadAction","target":["https:\/\/tralli.es\/de\/cookie-policy\/"]}]},{"@type":"BreadcrumbList","@id":"https:\/\/tralli.es\/de\/cookie-policy\/#breadcrumb","itemListElement":[{"@type":"ListItem","position":1,"name":"Home","item":"https:\/\/tralli.es\/"},{"@type":"ListItem","position":2,"name":"Cookie policy"}]},{"@type":"WebSite","@id":"https:\/\/tralli.es\/de\/#website","url":"https:\/\/tralli.es\/de\/","name":"Tralli","description":"Genie\u00dfen Sie Ihr gep\u00e4ckfreies Erlebnis in Valencia!","publisher":{"@id":"https:\/\/tralli.es\/de\/#organization"},"potentialAction":[{"@type":"SearchAction","target":{"@type":"EntryPoint","urlTemplate":"https:\/\/tralli.es\/de\/?s={search_term_string}"},"query-input":{"@type":"PropertyValueSpecification","valueRequired":true,"valueName":"search_term_string"}}],"inLanguage":"de-DE"},{"@type":"Organization","@id":"https:\/\/tralli.es\/de\/#organization","name":"Tralli","url":"https:\/\/tralli.es\/de\/","logo":{"@type":"ImageObject","inLanguage":"de-DE","@id":"https:\/\/tralli.es\/de\/#\/schema\/logo\/image\/","url":"https:\/\/tralli.es\/wp-content\/uploads\/2024\/11\/Main.png","contentUrl":"https:\/\/tralli.es\/wp-content\/uploads\/2024\/11\/Main.png","width":2378,"height":984,"caption":"Tralli"},"image":{"@id":"https:\/\/tralli.es\/de\/#\/schema\/logo\/image\/"},"sameAs":["https:\/\/www.linkedin.com\/company\/tralli\/","https:\/\/www.instagram.com\/tralli.es\/"]}]}},"_links":{"self":[{"href":"https:\/\/tralli.es\/de\/wp-json\/wp\/v2\/pages\/4903","targetHints":{"allow":["GET"]}}],"collection":[{"href":"https:\/\/tralli.es\/de\/wp-json\/wp\/v2\/pages"}],"about":[{"href":"https:\/\/tralli.es\/de\/wp-json\/wp\/v2\/types\/page"}],"author":[{"embeddable":true,"href":"https:\/\/tralli.es\/de\/wp-json\/wp\/v2\/users\/1"}],"replies":[{"embeddable":true,"href":"https:\/\/tralli.es\/de\/wp-json\/wp\/v2\/comments?post=4903"}],"version-history":[{"count":19,"href":"https:\/\/tralli.es\/de\/wp-json\/wp\/v2\/pages\/4903\/revisions"}],"predecessor-version":[{"id":6056,"href":"https:\/\/tralli.es\/de\/wp-json\/wp\/v2\/pages\/4903\/revisions\/6056"}],"wp:attachment":[{"href":"https:\/\/tralli.es\/de\/wp-json\/wp\/v2\/media?parent=4903"}],"curies":[{"name":"wp","href":"https:\/\/api.w.org\/{rel}","templated":true}]}}