{"id":4844,"date":"2024-11-10T10:17:53","date_gmt":"2024-11-10T09:17:53","guid":{"rendered":"https:\/\/tralli.es\/?page_id=4844"},"modified":"2025-06-02T12:42:29","modified_gmt":"2025-06-02T11:42:29","slug":"politique-de-confidentialite","status":"publish","type":"page","link":"https:\/\/tralli.es\/fr\/privacy-policy\/","title":{"rendered":"Confidentialit\u00e9"},"content":{"rendered":"<div data-elementor-type=\"wp-page\" data-elementor-id=\"4844\" class=\"elementor elementor-4844\" data-elementor-post-type=\"page\">\n\t\t\t\t\t\t<section class=\"elementor-section elementor-top-section elementor-element elementor-element-e62a1f5 elementor-section-boxed elementor-section-height-default elementor-section-height-default\" data-id=\"e62a1f5\" data-element_type=\"section\" data-e-type=\"section\">\n\t\t\t\t\t\t<div class=\"elementor-container elementor-column-gap-default\">\n\t\t\t\t\t<div class=\"elementor-column elementor-col-100 elementor-top-column elementor-element elementor-element-c3c2d32\" data-id=\"c3c2d32\" data-element_type=\"column\" data-e-type=\"column\">\n\t\t\t<div class=\"elementor-widget-wrap elementor-element-populated\">\n\t\t\t\t\t\t<div class=\"elementor-element elementor-element-7a4c2ef elementor-widget__width-inherit elementor-widget elementor-widget-heading\" data-id=\"7a4c2ef\" data-element_type=\"widget\" data-e-type=\"widget\" data-widget_type=\"heading.default\">\n\t\t\t\t\t<h2 class=\"elementor-heading-title elementor-size-default\">Politique de confidentialit\u00e9<\/h2>\t\t\t\t<\/div>\n\t\t\t\t<div class=\"elementor-element elementor-element-3a1a4b1 elementor-widget elementor-widget-spacer\" data-id=\"3a1a4b1\" data-element_type=\"widget\" data-e-type=\"widget\" data-widget_type=\"spacer.default\">\n\t\t\t\t\t\t\t<div class=\"elementor-spacer\">\n\t\t\t<div class=\"elementor-spacer-inner\"><\/div>\n\t\t<\/div>\n\t\t\t\t\t\t<\/div>\n\t\t\t\t<div class=\"elementor-element elementor-element-52b90f4 elementor-widget elementor-widget-text-editor\" data-id=\"52b90f4\" data-element_type=\"widget\" data-e-type=\"widget\" data-widget_type=\"text-editor.default\">\n\t\t\t\t\t\t\t\t\t<p><span style=\"color: #e9ad7a;\"><strong>Last updated: <span style=\"color: #ffffff;\">10 Novemeber 2024<\/span><\/strong><\/span><\/p>\t\t\t\t\t\t\t\t<\/div>\n\t\t\t\t<div class=\"elementor-element elementor-element-ff9f382 elementor-widget elementor-widget-spacer\" data-id=\"ff9f382\" data-element_type=\"widget\" data-e-type=\"widget\" data-widget_type=\"spacer.default\">\n\t\t\t\t\t\t\t<div class=\"elementor-spacer\">\n\t\t\t<div class=\"elementor-spacer-inner\"><\/div>\n\t\t<\/div>\n\t\t\t\t\t\t<\/div>\n\t\t\t\t<div class=\"elementor-element elementor-element-09d7980 elementor-widget elementor-widget-text-editor\" data-id=\"09d7980\" data-element_type=\"widget\" data-e-type=\"widget\" data-widget_type=\"text-editor.default\">\n\t\t\t\t\t\t\t\t\t<p><span style=\"color: #e9ad7a;\"><strong>Introduction<\/strong><\/span><\/p><p>At tralli.es, we are committed to protecting your privacy and ensuring the security of your personal information.\u00a0<span style=\"color: var( --e-global-color-accent );\">This privacy policy contains all the information applicable to the treatment of personal data collected on the website or through other alternative means used to contact Tralli.\u00a0<\/span><span style=\"color: var( --e-global-color-accent );\">This Privacy Policy does not apply to third-party products and services or third-party websites that can be accessed through the links on our website for the user&#8217;s convenience and\/or information.<\/span><\/p>\t\t\t\t\t\t\t\t<\/div>\n\t\t\t\t<div class=\"elementor-element elementor-element-3498e9e elementor-widget elementor-widget-spacer\" data-id=\"3498e9e\" data-element_type=\"widget\" data-e-type=\"widget\" data-widget_type=\"spacer.default\">\n\t\t\t\t\t\t\t<div class=\"elementor-spacer\">\n\t\t\t<div class=\"elementor-spacer-inner\"><\/div>\n\t\t<\/div>\n\t\t\t\t\t\t<\/div>\n\t\t\t\t<div class=\"elementor-element elementor-element-7f0fdc4 elementor-widget elementor-widget-text-editor\" data-id=\"7f0fdc4\" data-element_type=\"widget\" data-e-type=\"widget\" data-widget_type=\"text-editor.default\">\n\t\t\t\t\t\t\t\t\t<p><span style=\"color: #e9ad7a;\"><strong>Responsible for the data treatment<\/strong><\/span><\/p><p>M2B Global Technologies SL, with registered office at C\/ Carlos Cervera, 14 Bajo &#8211; 46006 Valencia, Spain.<\/p><p>Contant email: <a href=\"mailto:admin@tralli.es\">admin@tralli.es<\/a><\/p>\t\t\t\t\t\t\t\t<\/div>\n\t\t\t\t<div class=\"elementor-element elementor-element-8b26ff3 elementor-widget elementor-widget-spacer\" data-id=\"8b26ff3\" data-element_type=\"widget\" data-e-type=\"widget\" data-widget_type=\"spacer.default\">\n\t\t\t\t\t\t\t<div class=\"elementor-spacer\">\n\t\t\t<div class=\"elementor-spacer-inner\"><\/div>\n\t\t<\/div>\n\t\t\t\t\t\t<\/div>\n\t\t\t\t<div class=\"elementor-element elementor-element-e28fc14 elementor-widget elementor-widget-text-editor\" data-id=\"e28fc14\" data-element_type=\"widget\" data-e-type=\"widget\" data-widget_type=\"text-editor.default\">\n\t\t\t\t\t\t\t\t\t<p><span style=\"color: #e9ad7a;\"><strong>Information we collect<\/strong><\/span><\/p><p class=\"p1\">We collect the following types of information:<\/p><ul class=\"ul1\"><li class=\"li1\"><i>Personal Information:<\/i>\u00a0Name, email address, phone number, and payment details.<\/li><li class=\"li1\"><i>Usage Data:<\/i>\u00a0Information about how you use our services, such as your browsing history and transaction records.<\/li><li class=\"li1\"><i>Technical Data:<\/i>\u00a0Information about your device, browser, and operating system.<\/li><\/ul>\t\t\t\t\t\t\t\t<\/div>\n\t\t\t\t<div class=\"elementor-element elementor-element-b53e5bd elementor-widget elementor-widget-spacer\" data-id=\"b53e5bd\" data-element_type=\"widget\" data-e-type=\"widget\" data-widget_type=\"spacer.default\">\n\t\t\t\t\t\t\t<div class=\"elementor-spacer\">\n\t\t\t<div class=\"elementor-spacer-inner\"><\/div>\n\t\t<\/div>\n\t\t\t\t\t\t<\/div>\n\t\t\t\t<div class=\"elementor-element elementor-element-d62b989 elementor-widget elementor-widget-text-editor\" data-id=\"d62b989\" data-element_type=\"widget\" data-e-type=\"widget\" data-widget_type=\"text-editor.default\">\n\t\t\t\t\t\t\t\t\t<p><span style=\"color: #e9ad7a;\"><strong>Consent<\/strong><\/span><\/p><p>By using our website (and its subdomains or third-party&#8217;s subpages), the user consents to this Privacy Policy and agree to its terms. When he\/she provides Tralli with personal information to complete a transaction, verify his\/her credit card, make an inquiry through any of our communication channels, file a complain, or otherwise, we imply that he\/she consents to our data collecting and use for that specific purpose.<\/p><p>If we ask for his\/her personal information for a secondary reason, like marketing, we will either ask directly for the expressed consent or provide the user with an opportunity to opt out.<\/p>\t\t\t\t\t\t\t\t<\/div>\n\t\t\t\t<div class=\"elementor-element elementor-element-96acb0c elementor-widget elementor-widget-spacer\" data-id=\"96acb0c\" data-element_type=\"widget\" data-e-type=\"widget\" data-widget_type=\"spacer.default\">\n\t\t\t\t\t\t\t<div class=\"elementor-spacer\">\n\t\t\t<div class=\"elementor-spacer-inner\"><\/div>\n\t\t<\/div>\n\t\t\t\t\t\t<\/div>\n\t\t\t\t<div class=\"elementor-element elementor-element-bb6a632 elementor-widget elementor-widget-text-editor\" data-id=\"bb6a632\" data-element_type=\"widget\" data-e-type=\"widget\" data-widget_type=\"text-editor.default\">\n\t\t\t\t\t\t\t\t\t<p><span style=\"color: #e9ad7a;\"><strong>How We Use Your Information<\/strong><\/span><\/p><p class=\"p1\">We use your information to:<\/p><ul class=\"ul1\"><li class=\"li1\">Provide and improve our services<\/li><li class=\"li1\">Process transactions and manage payments (with or without using third parties engines)<\/li><li class=\"li1\">Communicate with you regarding your inquiries or bookings<\/li><li class=\"li1\">Comply with legal obligations and protect our rights<\/li><\/ul>\t\t\t\t\t\t\t\t<\/div>\n\t\t\t\t<div class=\"elementor-element elementor-element-ede50e3 elementor-widget elementor-widget-spacer\" data-id=\"ede50e3\" data-element_type=\"widget\" data-e-type=\"widget\" data-widget_type=\"spacer.default\">\n\t\t\t\t\t\t\t<div class=\"elementor-spacer\">\n\t\t\t<div class=\"elementor-spacer-inner\"><\/div>\n\t\t<\/div>\n\t\t\t\t\t\t<\/div>\n\t\t\t\t<div class=\"elementor-element elementor-element-ddc6035 elementor-widget elementor-widget-text-editor\" data-id=\"ddc6035\" data-element_type=\"widget\" data-e-type=\"widget\" data-widget_type=\"text-editor.default\">\n\t\t\t\t\t\t\t\t\t<p><span style=\"color: #e9ad7a;\"><strong>Sharing Your Information<\/strong><\/span><\/p><p class=\"p1\">We do not share your personal information with third parties, except as necessary to provide our services or as required by law. We may share anonymized or aggregated data for research and analysis purposes.<\/p>\t\t\t\t\t\t\t\t<\/div>\n\t\t\t\t<div class=\"elementor-element elementor-element-785b5ef elementor-widget elementor-widget-spacer\" data-id=\"785b5ef\" data-element_type=\"widget\" data-e-type=\"widget\" data-widget_type=\"spacer.default\">\n\t\t\t\t\t\t\t<div class=\"elementor-spacer\">\n\t\t\t<div class=\"elementor-spacer-inner\"><\/div>\n\t\t<\/div>\n\t\t\t\t\t\t<\/div>\n\t\t\t\t<div class=\"elementor-element elementor-element-697bb01 elementor-widget elementor-widget-text-editor\" data-id=\"697bb01\" data-element_type=\"widget\" data-e-type=\"widget\" data-widget_type=\"text-editor.default\">\n\t\t\t\t\t\t\t\t\t<p><span style=\"color: #e9ad7a;\"><strong>Data Security<\/strong><\/span><\/p><p class=\"p1\">Tralli takes appropriate technical and organizational measures to protect the user&#8217;s personal information from unauthorized access, disclosure, or destruction. However, no method of transmission over the internet is completely secure, so we cannot guarantee absolute security.<\/p>\t\t\t\t\t\t\t\t<\/div>\n\t\t\t\t<div class=\"elementor-element elementor-element-5029a48 elementor-widget elementor-widget-spacer\" data-id=\"5029a48\" data-element_type=\"widget\" data-e-type=\"widget\" data-widget_type=\"spacer.default\">\n\t\t\t\t\t\t\t<div class=\"elementor-spacer\">\n\t\t\t<div class=\"elementor-spacer-inner\"><\/div>\n\t\t<\/div>\n\t\t\t\t\t\t<\/div>\n\t\t\t\t<div class=\"elementor-element elementor-element-689c9ff elementor-widget elementor-widget-text-editor\" data-id=\"689c9ff\" data-element_type=\"widget\" data-e-type=\"widget\" data-widget_type=\"text-editor.default\">\n\t\t\t\t\t\t\t\t\t<p><span style=\"color: #e9ad7a;\"><strong>Third-Party Services<\/strong><\/span><\/p><p>At Tralli, we utilize third-party engines and APIs to enhance our services and provide a seamless experience. These third-party services are essential for various functionalities, including payment processing, data analysis, and communication tools.<\/p><p>Please be aware that when using our services, these third-party providers may collect and process the your personal information. We encourage you to review the privacy policies of these third parties to understand how your information is handled. Tralli is not responsible for the privacy practices or the content of these external sites.<\/p><p>Here are some of the third-party services we use,\u00a0<span style=\"color: var( --e-global-color-accent );\">though this list may not be exhaustive<\/span><span style=\"color: var( --e-global-color-accent );\">:<\/span><\/p><ul><li><p><i>Payment Processors:<\/i>\u00a0Stripe (<a href=\"https:\/\/stripe.com\/en-es\/privacy\">https:\/\/stripe.com\/en-es\/privacy<\/a>)<\/p><\/li><li><p><em>Analytique<\/em>: Google (<a href=\"https:\/\/policies.google.com\/privacy\">https:\/\/policies.google.com\/privacy<\/a>)\u00a0<\/p><\/li><li><p><i>Communication Tools:<\/i>\u00a0Hubspot (<a href=\"https:\/\/legal.hubspot.com\/privacy-policy\">https:\/\/legal.hubspot.com\/privacy-policy<\/a>)<\/p><\/li><\/ul><p>By using our services, you consent to the use of these third-party services and the processing of your data in accordance with their privacy policies. If you have any questions or concerns about our use of third-party services, please contact us at <a href=\"mailto:admin@tralli.es\">admin@tralli.es<\/a>.<\/p>\t\t\t\t\t\t\t\t<\/div>\n\t\t\t\t<div class=\"elementor-element elementor-element-3b898ba elementor-widget elementor-widget-spacer\" data-id=\"3b898ba\" data-element_type=\"widget\" data-e-type=\"widget\" data-widget_type=\"spacer.default\">\n\t\t\t\t\t\t\t<div class=\"elementor-spacer\">\n\t\t\t<div class=\"elementor-spacer-inner\"><\/div>\n\t\t<\/div>\n\t\t\t\t\t\t<\/div>\n\t\t\t\t<div class=\"elementor-element elementor-element-6879d47 elementor-widget elementor-widget-text-editor\" data-id=\"6879d47\" data-element_type=\"widget\" data-e-type=\"widget\" data-widget_type=\"text-editor.default\">\n\t\t\t\t\t\t\t\t\t<p><span style=\"color: #e9ad7a;\"><strong>Your Rights<\/strong><\/span><\/p><p class=\"p1\">You have the right to access, correct, or delete your personal information. You can also request a copy of your data or restrict its processing. If you have any questions or concerns about your privacy, please contact us at <a href=\"mailto:admin@tralli.es\">admin@tralli.es<\/a>.<\/p>\t\t\t\t\t\t\t\t<\/div>\n\t\t\t\t<div class=\"elementor-element elementor-element-ecfb4b6 elementor-widget elementor-widget-spacer\" data-id=\"ecfb4b6\" data-element_type=\"widget\" data-e-type=\"widget\" data-widget_type=\"spacer.default\">\n\t\t\t\t\t\t\t<div class=\"elementor-spacer\">\n\t\t\t<div class=\"elementor-spacer-inner\"><\/div>\n\t\t<\/div>\n\t\t\t\t\t\t<\/div>\n\t\t\t\t<div class=\"elementor-element elementor-element-6b81c6e elementor-widget elementor-widget-text-editor\" data-id=\"6b81c6e\" data-element_type=\"widget\" data-e-type=\"widget\" data-widget_type=\"text-editor.default\">\n\t\t\t\t\t\t\t\t\t<p><span style=\"color: #e9ad7a;\"><strong>Changes to This Policy<\/strong><\/span><\/p><p class=\"p1\">We may update this Privacy Policy from time to time. We will notify you of any significant changes by updating the &#8220;Last Updated&#8221; date at the top of this page.<\/p>\t\t\t\t\t\t\t\t<\/div>\n\t\t\t\t<div class=\"elementor-element elementor-element-cd090a5 elementor-widget elementor-widget-spacer\" data-id=\"cd090a5\" data-element_type=\"widget\" data-e-type=\"widget\" data-widget_type=\"spacer.default\">\n\t\t\t\t\t\t\t<div class=\"elementor-spacer\">\n\t\t\t<div class=\"elementor-spacer-inner\"><\/div>\n\t\t<\/div>\n\t\t\t\t\t\t<\/div>\n\t\t\t\t<div class=\"elementor-element elementor-element-2be8489 elementor-widget elementor-widget-text-editor\" data-id=\"2be8489\" data-element_type=\"widget\" data-e-type=\"widget\" data-widget_type=\"text-editor.default\">\n\t\t\t\t\t\t\t\t\t<p><span style=\"color: #e9ad7a;\"><strong>Contact Us<\/strong><\/span><\/p><p class=\"p1\">\u00a0If you have any questions or concerns about this Privacy Policy, please contact us at <a href=\"mailto:admin@tralli.es\">admin@tralli.es<\/a>.<\/p>\t\t\t\t\t\t\t\t<\/div>\n\t\t\t\t<div class=\"elementor-element elementor-element-71085b6 elementor-widget elementor-widget-spacer\" data-id=\"71085b6\" data-element_type=\"widget\" data-e-type=\"widget\" data-widget_type=\"spacer.default\">\n\t\t\t\t\t\t\t<div class=\"elementor-spacer\">\n\t\t\t<div class=\"elementor-spacer-inner\"><\/div>\n\t\t<\/div>\n\t\t\t\t\t\t<\/div>\n\t\t\t\t\t<\/div>\n\t\t<\/div>\n\t\t\t\t\t<\/div>\n\t\t<\/section>\n\t\t\t\t<\/div>","protected":false},"excerpt":{"rendered":"<p>Politique de confidentialit\u00e9 Derni\u00e8re mise \u00e0 jour : 10 novembre 2024 Introduction Chez tralli.es, nous nous engageons \u00e0 prot\u00e9ger votre vie priv\u00e9e et \u00e0 assurer la s\u00e9curit\u00e9 de vos informations personnelles. Cette politique de confidentialit\u00e9 contient toutes les informations applicables au traitement des donn\u00e9es personnelles collect\u00e9es sur le site web ou par d&#039;autres moyens utilis\u00e9s pour contacter Tralli. Cette politique de confidentialit\u00e9 ne\u2026 <a class=\"more-link\" href=\"https:\/\/tralli.es\/fr\/privacy-policy\/\">Poursuivez votre lecture <span class=\"screen-reader-text\">Confidentialit\u00e9<\/span><\/a><\/p>","protected":false},"author":1,"featured_media":0,"parent":0,"menu_order":0,"comment_status":"closed","ping_status":"closed","template":"elementor_header_footer","meta":{"content-type":"","footnotes":""},"class_list":["post-4844","page","type-page","status-publish","hentry","entry"],"yoast_head":"<!-- This site is optimized with the Yoast SEO plugin v27.4 - https:\/\/yoast.com\/product\/yoast-seo-wordpress\/ -->\n<title>Privacy policy | Tralli<\/title>\n<meta name=\"description\" content=\"Learn how Tralli collects, uses, and protects your personal data in compliance with GDPR. Your privacy and trust are our top priorities in Valencia.\" \/>\n<meta name=\"robots\" content=\"noindex, follow\" \/>\n<meta property=\"og:locale\" content=\"fr_FR\" \/>\n<meta property=\"og:type\" content=\"article\" \/>\n<meta property=\"og:title\" content=\"Privacy policy | Tralli\" \/>\n<meta property=\"og:description\" content=\"Learn how Tralli collects, uses, and protects your personal data in compliance with GDPR. Your privacy and trust are our top priorities in Valencia.\" \/>\n<meta property=\"og:url\" content=\"https:\/\/tralli.es\/fr\/politique-de-confidentialite\/\" \/>\n<meta property=\"og:site_name\" content=\"Tralli\" \/>\n<meta property=\"article:modified_time\" content=\"2025-06-02T11:42:29+00:00\" \/>\n<meta property=\"og:image\" content=\"https:\/\/tralli.es\/wp-content\/uploads\/2024\/11\/Screenshot-2024-11-14-at-17.23.59.webp\" \/>\n\t<meta property=\"og:image:width\" content=\"1901\" \/>\n\t<meta property=\"og:image:height\" content=\"837\" \/>\n\t<meta property=\"og:image:type\" content=\"image\/webp\" \/>\n<meta name=\"twitter:card\" content=\"summary_large_image\" \/>\n<meta name=\"twitter:label1\" content=\"Est. reading time\" \/>\n\t<meta name=\"twitter:data1\" content=\"3 minutes\" \/>\n<script type=\"application\/ld+json\" class=\"yoast-schema-graph\">{\"@context\":\"https:\\\/\\\/schema.org\",\"@graph\":[{\"@type\":\"WebPage\",\"@id\":\"https:\\\/\\\/tralli.es\\\/fr\\\/privacy-policy\\\/\",\"url\":\"https:\\\/\\\/tralli.es\\\/fr\\\/privacy-policy\\\/\",\"name\":\"Privacy policy | Tralli\",\"isPartOf\":{\"@id\":\"https:\\\/\\\/tralli.es\\\/fr\\\/#website\"},\"datePublished\":\"2024-11-10T09:17:53+00:00\",\"dateModified\":\"2025-06-02T11:42:29+00:00\",\"description\":\"Learn how Tralli collects, uses, and protects your personal data in compliance with GDPR. Your privacy and trust are our top priorities in Valencia.\",\"breadcrumb\":{\"@id\":\"https:\\\/\\\/tralli.es\\\/fr\\\/privacy-policy\\\/#breadcrumb\"},\"inLanguage\":\"fr-FR\",\"potentialAction\":[{\"@type\":\"ReadAction\",\"target\":[\"https:\\\/\\\/tralli.es\\\/fr\\\/privacy-policy\\\/\"]}]},{\"@type\":\"BreadcrumbList\",\"@id\":\"https:\\\/\\\/tralli.es\\\/fr\\\/privacy-policy\\\/#breadcrumb\",\"itemListElement\":[{\"@type\":\"ListItem\",\"position\":1,\"name\":\"Home\",\"item\":\"https:\\\/\\\/tralli.es\\\/\"},{\"@type\":\"ListItem\",\"position\":2,\"name\":\"Privacy\"}]},{\"@type\":\"WebSite\",\"@id\":\"https:\\\/\\\/tralli.es\\\/fr\\\/#website\",\"url\":\"https:\\\/\\\/tralli.es\\\/fr\\\/\",\"name\":\"Tralli\",\"description\":\"Enjoy your luggage-free experience in Valencia!\",\"publisher\":{\"@id\":\"https:\\\/\\\/tralli.es\\\/fr\\\/#organization\"},\"potentialAction\":[{\"@type\":\"SearchAction\",\"target\":{\"@type\":\"EntryPoint\",\"urlTemplate\":\"https:\\\/\\\/tralli.es\\\/fr\\\/?s={search_term_string}\"},\"query-input\":{\"@type\":\"PropertyValueSpecification\",\"valueRequired\":true,\"valueName\":\"search_term_string\"}}],\"inLanguage\":\"fr-FR\"},{\"@type\":\"Organization\",\"@id\":\"https:\\\/\\\/tralli.es\\\/fr\\\/#organization\",\"name\":\"Tralli\",\"url\":\"https:\\\/\\\/tralli.es\\\/fr\\\/\",\"logo\":{\"@type\":\"ImageObject\",\"inLanguage\":\"fr-FR\",\"@id\":\"https:\\\/\\\/tralli.es\\\/fr\\\/#\\\/schema\\\/logo\\\/image\\\/\",\"url\":\"https:\\\/\\\/tralli.es\\\/wp-content\\\/uploads\\\/2024\\\/11\\\/Main.png\",\"contentUrl\":\"https:\\\/\\\/tralli.es\\\/wp-content\\\/uploads\\\/2024\\\/11\\\/Main.png\",\"width\":2378,\"height\":984,\"caption\":\"Tralli\"},\"image\":{\"@id\":\"https:\\\/\\\/tralli.es\\\/fr\\\/#\\\/schema\\\/logo\\\/image\\\/\"},\"sameAs\":[\"https:\\\/\\\/www.linkedin.com\\\/company\\\/tralli\\\/\",\"https:\\\/\\\/www.instagram.com\\\/tralli.es\\\/\"]}]}<\/script>\n<!-- \/ Yoast SEO plugin. -->","yoast_head_json":{"title":"Politique de confidentialit\u00e9 | Tralli","description":"D\u00e9couvrez comment Tralli collecte, utilise et prot\u00e8ge vos donn\u00e9es personnelles conform\u00e9ment au RGPD. Votre vie priv\u00e9e et votre confiance sont nos priorit\u00e9s absolues \u00e0 Valence.","robots":{"index":"noindex","follow":"follow"},"og_locale":"fr_FR","og_type":"article","og_title":"Privacy policy | Tralli","og_description":"Learn how Tralli collects, uses, and protects your personal data in compliance with GDPR. Your privacy and trust are our top priorities in Valencia.","og_url":"https:\/\/tralli.es\/fr\/politique-de-confidentialite\/","og_site_name":"Tralli","article_modified_time":"2025-06-02T11:42:29+00:00","og_image":[{"width":1901,"height":837,"url":"https:\/\/tralli.es\/wp-content\/uploads\/2024\/11\/Screenshot-2024-11-14-at-17.23.59.webp","type":"image\/webp"}],"twitter_card":"summary_large_image","twitter_misc":{"Est. reading time":"3 minutes"},"schema":{"@context":"https:\/\/schema.org","@graph":[{"@type":"WebPage","@id":"https:\/\/tralli.es\/fr\/privacy-policy\/","url":"https:\/\/tralli.es\/fr\/privacy-policy\/","name":"Politique de confidentialit\u00e9 | Tralli","isPartOf":{"@id":"https:\/\/tralli.es\/fr\/#website"},"datePublished":"2024-11-10T09:17:53+00:00","dateModified":"2025-06-02T11:42:29+00:00","description":"D\u00e9couvrez comment Tralli collecte, utilise et prot\u00e8ge vos donn\u00e9es personnelles conform\u00e9ment au RGPD. Votre vie priv\u00e9e et votre confiance sont nos priorit\u00e9s absolues \u00e0 Valence.","breadcrumb":{"@id":"https:\/\/tralli.es\/fr\/privacy-policy\/#breadcrumb"},"inLanguage":"fr-FR","potentialAction":[{"@type":"ReadAction","target":["https:\/\/tralli.es\/fr\/privacy-policy\/"]}]},{"@type":"BreadcrumbList","@id":"https:\/\/tralli.es\/fr\/privacy-policy\/#breadcrumb","itemListElement":[{"@type":"ListItem","position":1,"name":"Home","item":"https:\/\/tralli.es\/"},{"@type":"ListItem","position":2,"name":"Privacy"}]},{"@type":"WebSite","@id":"https:\/\/tralli.es\/fr\/#website","url":"https:\/\/tralli.es\/fr\/","name":"Tralli","description":"Profitez pleinement de votre s\u00e9jour sans bagages \u00e0 Valence !","publisher":{"@id":"https:\/\/tralli.es\/fr\/#organization"},"potentialAction":[{"@type":"SearchAction","target":{"@type":"EntryPoint","urlTemplate":"https:\/\/tralli.es\/fr\/?s={search_term_string}"},"query-input":{"@type":"PropertyValueSpecification","valueRequired":true,"valueName":"search_term_string"}}],"inLanguage":"fr-FR"},{"@type":"Organization","@id":"https:\/\/tralli.es\/fr\/#organization","name":"Tralli","url":"https:\/\/tralli.es\/fr\/","logo":{"@type":"ImageObject","inLanguage":"fr-FR","@id":"https:\/\/tralli.es\/fr\/#\/schema\/logo\/image\/","url":"https:\/\/tralli.es\/wp-content\/uploads\/2024\/11\/Main.png","contentUrl":"https:\/\/tralli.es\/wp-content\/uploads\/2024\/11\/Main.png","width":2378,"height":984,"caption":"Tralli"},"image":{"@id":"https:\/\/tralli.es\/fr\/#\/schema\/logo\/image\/"},"sameAs":["https:\/\/www.linkedin.com\/company\/tralli\/","https:\/\/www.instagram.com\/tralli.es\/"]}]}},"_links":{"self":[{"href":"https:\/\/tralli.es\/fr\/wp-json\/wp\/v2\/pages\/4844","targetHints":{"allow":["GET"]}}],"collection":[{"href":"https:\/\/tralli.es\/fr\/wp-json\/wp\/v2\/pages"}],"about":[{"href":"https:\/\/tralli.es\/fr\/wp-json\/wp\/v2\/types\/page"}],"author":[{"embeddable":true,"href":"https:\/\/tralli.es\/fr\/wp-json\/wp\/v2\/users\/1"}],"replies":[{"embeddable":true,"href":"https:\/\/tralli.es\/fr\/wp-json\/wp\/v2\/comments?post=4844"}],"version-history":[{"count":28,"href":"https:\/\/tralli.es\/fr\/wp-json\/wp\/v2\/pages\/4844\/revisions"}],"predecessor-version":[{"id":4878,"href":"https:\/\/tralli.es\/fr\/wp-json\/wp\/v2\/pages\/4844\/revisions\/4878"}],"wp:attachment":[{"href":"https:\/\/tralli.es\/fr\/wp-json\/wp\/v2\/media?parent=4844"}],"curies":[{"name":"wp","href":"https:\/\/api.w.org\/{rel}","templated":true}]}}