{"id":4903,"date":"2024-11-10T11:32:26","date_gmt":"2024-11-10T10:32:26","guid":{"rendered":"https:\/\/tralli.es\/?page_id=4903"},"modified":"2025-06-02T12:40:53","modified_gmt":"2025-06-02T11:40:53","slug":"politique-en-matiere-de-cookies","status":"publish","type":"page","link":"https:\/\/tralli.es\/fr\/cookie-policy\/","title":{"rendered":"Politique relative aux cookies"},"content":{"rendered":"<div data-elementor-type=\"wp-page\" data-elementor-id=\"4903\" class=\"elementor elementor-4903\" data-elementor-post-type=\"page\">\n\t\t\t\t\t\t<section class=\"elementor-section elementor-top-section elementor-element elementor-element-e62a1f5 elementor-section-boxed elementor-section-height-default elementor-section-height-default\" data-id=\"e62a1f5\" data-element_type=\"section\" data-e-type=\"section\">\n\t\t\t\t\t\t<div class=\"elementor-container elementor-column-gap-default\">\n\t\t\t\t\t<div class=\"elementor-column elementor-col-100 elementor-top-column elementor-element elementor-element-c3c2d32\" data-id=\"c3c2d32\" data-element_type=\"column\" data-e-type=\"column\">\n\t\t\t<div class=\"elementor-widget-wrap elementor-element-populated\">\n\t\t\t\t\t\t<div class=\"elementor-element elementor-element-b2d7ed2 elementor-widget elementor-widget-html\" data-id=\"b2d7ed2\" data-element_type=\"widget\" data-e-type=\"widget\" data-widget_type=\"html.default\">\n\t\t\t\t\t<style>\n    a.cky-banner-element {\n        padding: 8px 30px;\n        background: #F8F9FA;\n        color: #858A8F;\n        border: 1px solid #DEE2E6;\n        box-sizing: border-box;\n        border-radius: 2px;\n        cursor: pointer;\n}\n<\/style>\n<h1 class=\"cookie-policy-h1\">Politique relative aux cookies<\/h1>\n<p>\n    Date d&#039;entr\u00e9e en vigueur : 22 janvier 2025 <br>\n    Derni\u00e8re mise \u00e0 jour : 22 janvier 2025\n<\/p>\n\n&nbsp;\n<h5>Que sont les cookies ?<\/h5>\n<div class=\"cookie-policy-p\"><p>Cette politique relative aux cookies explique ce que sont les cookies et comment nous les utilisons, les types de cookies que nous utilisons (c\u2019est-\u00e0-dire les informations que nous collectons \u00e0 l\u2019aide des cookies et comment ces informations sont utilis\u00e9es) et comment g\u00e9rer les param\u00e8tres des cookies.<\/p> <p>Les cookies sont de petits fichiers texte qui servent \u00e0 stocker de petites quantit\u00e9s d&#039;informations. Ils sont enregistr\u00e9s sur votre appareil lorsque vous consultez notre site web. Ces cookies nous permettent d&#039;assurer le bon fonctionnement du site, d&#039;am\u00e9liorer sa s\u00e9curit\u00e9 et votre exp\u00e9rience utilisateur, et de comprendre ses performances afin d&#039;identifier les points forts et les axes d&#039;am\u00e9lioration.<\/p><\/div>\n\n&nbsp;\n<h5>Comment utilisons-nous les cookies ?<\/h5>\n<div class=\"cookie-policy-p\"><p>Comme la plupart des services en ligne, notre site web utilise des cookies internes et tiers \u00e0 diverses fins. Les cookies internes sont principalement n\u00e9cessaires au bon fonctionnement du site et ne collectent aucune donn\u00e9e permettant de vous identifier personnellement.<\/p> <p>Les cookies tiers utilis\u00e9s sur notre site web servent principalement \u00e0 comprendre les performances du site, votre interaction avec celui-ci, \u00e0 assurer la s\u00e9curit\u00e9 de nos services, \u00e0 vous proposer des publicit\u00e9s pertinentes et, globalement, \u00e0 vous offrir une exp\u00e9rience utilisateur am\u00e9lior\u00e9e et \u00e0 faciliter vos futures interactions avec notre site.<\/p><\/div>\n\n&nbsp;\n    <h5>Types de cookies que nous utilisons<\/h5>\n\n    <div class=\"cky-audit-table-element\"><\/div>\n\n&nbsp;\n    <h5 style=\"margin-bottom:20px;\">G\u00e9rer les pr\u00e9f\u00e9rences relatives aux cookies<\/h5>\n\n    <a class=\"cky-banner-element\">Param\u00e8tres des cookies<\/a> <br\/>\n\n    <div><p>Vous pouvez modifier vos pr\u00e9f\u00e9rences en mati\u00e8re de cookies \u00e0 tout moment en cliquant sur le bouton ci-dessus. Vous pourrez ainsi consulter \u00e0 nouveau la banni\u00e8re de consentement aux cookies et modifier vos pr\u00e9f\u00e9rences ou retirer votre consentement imm\u00e9diatement. <\/p> <p>De plus, chaque navigateur propose des m\u00e9thodes diff\u00e9rentes pour bloquer et supprimer les cookies utilis\u00e9s par les sites web. Vous pouvez modifier les param\u00e8tres de votre navigateur pour bloquer ou supprimer les cookies. Vous trouverez ci-dessous des liens vers la documentation expliquant comment g\u00e9rer et supprimer les cookies des principaux navigateurs web.<\/p> <p>Chrome: <a target=\"_blank\" href=\"https:\/\/support.google.com\/accounts\/answer\/32050\">https:\/\/support.google.com\/accounts\/answer\/32050<\/a><\/p><p>Safari: <a target=\"_blank\" href=\"https:\/\/support.apple.com\/en-in\/guide\/safari\/sfri11471\/mac\">https:\/\/support.apple.com\/en-in\/guide\/safari\/sfri11471\/mac<\/a><\/p><p>Firefox : <a target=\"_blank\" href=\"https:\/\/support.mozilla.org\/en-US\/kb\/clear-cookies-and-site-data-firefox?redirectslug=delete-cookies-remove-info-websites-stored&amp;redirectlocale=en-US\">https:\/\/support.mozilla.org\/en-US\/kb\/clear-cookies-and-site-data-firefox?redirectslug=delete-cookies-remove-info-websites-stored&amp;redirectlocale=en-US<\/a><\/p><p>Internet Explorer\u00a0: <a target=\"_blank\" href=\"https:\/\/support.microsoft.com\/en-us\/topic\/how-to-delete-cookie-files-in-internet-explorer-bca9446f-d873-78de-77ba-d42645fa52fc\">https:\/\/support.microsoft.com\/en-us\/topic\/how-to-delete-cookie-files-in-internet-explorer-bca9446f-d873-78de-77ba-d42645fa52fc<\/a><\/p><p>Si vous utilisez un autre navigateur Web, veuillez consulter la documentation d&#039;assistance officielle de votre navigateur.<\/p><\/div>\n\n\n&nbsp;\n<p class=\"cookie-policy-p\">\n    Politique relative aux cookies g\u00e9n\u00e9r\u00e9e par  <a target=\"_blank\" href=\"https:\/\/www.cookieyes.com\/?utm_source=CP&utm_medium=footer&utm_campaign=UW\">CookieYes - G\u00e9n\u00e9rateur de politique de cookies<\/a>.\n<\/p>\t\t\t\t<\/div>\n\t\t\t\t<div class=\"elementor-element elementor-element-7a4c2ef elementor-widget__width-inherit elementor-hidden-widescreen elementor-hidden-desktop elementor-hidden-laptop elementor-hidden-tablet_extra elementor-hidden-tablet elementor-hidden-mobile_extra elementor-hidden-mobile elementor-widget elementor-widget-heading\" data-id=\"7a4c2ef\" data-element_type=\"widget\" data-e-type=\"widget\" data-widget_type=\"heading.default\">\n\t\t\t\t\t<h2 class=\"elementor-heading-title elementor-size-default\">Politique relative aux cookies<\/h2>\t\t\t\t<\/div>\n\t\t\t\t<div class=\"elementor-element elementor-element-3a1a4b1 elementor-hidden-widescreen elementor-hidden-desktop elementor-hidden-laptop elementor-hidden-tablet_extra elementor-hidden-tablet elementor-hidden-mobile_extra elementor-hidden-mobile elementor-widget elementor-widget-spacer\" data-id=\"3a1a4b1\" data-element_type=\"widget\" data-e-type=\"widget\" data-widget_type=\"spacer.default\">\n\t\t\t\t\t\t\t<div class=\"elementor-spacer\">\n\t\t\t<div class=\"elementor-spacer-inner\"><\/div>\n\t\t<\/div>\n\t\t\t\t\t\t<\/div>\n\t\t\t\t<div class=\"elementor-element elementor-element-52b90f4 elementor-hidden-widescreen elementor-hidden-desktop elementor-hidden-laptop elementor-hidden-tablet_extra elementor-hidden-tablet elementor-hidden-mobile_extra elementor-hidden-mobile elementor-widget elementor-widget-text-editor\" data-id=\"52b90f4\" data-element_type=\"widget\" data-e-type=\"widget\" data-widget_type=\"text-editor.default\">\n\t\t\t\t\t\t\t\t\t<p><span style=\"color: #e9ad7a;\"><strong>Last updated: <span style=\"color: #ffffff;\">10 Novemeber 2024<\/span><\/strong><\/span><\/p>\t\t\t\t\t\t\t\t<\/div>\n\t\t\t\t<div class=\"elementor-element elementor-element-ff9f382 elementor-hidden-widescreen elementor-hidden-desktop elementor-hidden-laptop elementor-hidden-tablet_extra elementor-hidden-tablet elementor-hidden-mobile_extra elementor-hidden-mobile elementor-widget elementor-widget-spacer\" data-id=\"ff9f382\" data-element_type=\"widget\" data-e-type=\"widget\" data-widget_type=\"spacer.default\">\n\t\t\t\t\t\t\t<div class=\"elementor-spacer\">\n\t\t\t<div class=\"elementor-spacer-inner\"><\/div>\n\t\t<\/div>\n\t\t\t\t\t\t<\/div>\n\t\t\t\t<div class=\"elementor-element elementor-element-09d7980 elementor-hidden-widescreen elementor-hidden-desktop elementor-hidden-laptop elementor-hidden-tablet_extra elementor-hidden-tablet elementor-hidden-mobile_extra elementor-hidden-mobile elementor-widget elementor-widget-text-editor\" data-id=\"09d7980\" data-element_type=\"widget\" data-e-type=\"widget\" data-widget_type=\"text-editor.default\">\n\t\t\t\t\t\t\t\t\t<p><span style=\"color: #e9ad7a;\"><strong>About this cookie policy<\/strong><\/span><\/p><p>This Cookie Policy explains what cookies are and how we use them, the types of cookies we use i.e, the information we collect using cookies and how that information is used, and how to control the cookie preferences. For further information on how we use, store, and keep your personal data secure, see our Privacy Policy.<\/p><p>You can at any time change or withdraw your consent from the Cookie Declaration on our website.<\/p><p>Learn more about who we are, how you can contact us, and how we process personal data in our Privacy Policy.<\/p><p>Your consent applies to the following domains and its subdomains: <a href=\"https:\/\/tralli.es\/fr\/\">tralli.es<\/a><\/p><p>[user_consent_state]<\/p>\t\t\t\t\t\t\t\t<\/div>\n\t\t\t\t<div class=\"elementor-element elementor-element-3498e9e elementor-hidden-widescreen elementor-hidden-desktop elementor-hidden-laptop elementor-hidden-tablet_extra elementor-hidden-tablet elementor-hidden-mobile_extra elementor-hidden-mobile elementor-widget elementor-widget-spacer\" data-id=\"3498e9e\" data-element_type=\"widget\" data-e-type=\"widget\" data-widget_type=\"spacer.default\">\n\t\t\t\t\t\t\t<div class=\"elementor-spacer\">\n\t\t\t<div class=\"elementor-spacer-inner\"><\/div>\n\t\t<\/div>\n\t\t\t\t\t\t<\/div>\n\t\t\t\t<div class=\"elementor-element elementor-element-7f0fdc4 elementor-hidden-widescreen elementor-hidden-desktop elementor-hidden-laptop elementor-hidden-tablet_extra elementor-hidden-tablet elementor-hidden-mobile_extra elementor-hidden-mobile elementor-widget elementor-widget-text-editor\" data-id=\"7f0fdc4\" data-element_type=\"widget\" data-e-type=\"widget\" data-widget_type=\"text-editor.default\">\n\t\t\t\t\t\t\t\t\t<p><span style=\"color: #e9ad7a;\"><strong>Que sont les cookies ?<\/strong><\/span><\/p><p>Les cookies sont de petits fichiers texte qui servent \u00e0 stocker de petites quantit\u00e9s d&#039;informations. Ils sont enregistr\u00e9s sur votre appareil lorsque vous consultez notre site web. Ces cookies nous permettent d&#039;assurer le bon fonctionnement du site, d&#039;am\u00e9liorer sa s\u00e9curit\u00e9 et votre exp\u00e9rience utilisateur, et de comprendre ses performances afin d&#039;identifier les points forts et les axes d&#039;am\u00e9lioration.<\/p>\t\t\t\t\t\t\t\t<\/div>\n\t\t\t\t<div class=\"elementor-element elementor-element-8b26ff3 elementor-hidden-widescreen elementor-hidden-desktop elementor-hidden-laptop elementor-hidden-tablet_extra elementor-hidden-tablet elementor-hidden-mobile_extra elementor-hidden-mobile elementor-widget elementor-widget-spacer\" data-id=\"8b26ff3\" data-element_type=\"widget\" data-e-type=\"widget\" data-widget_type=\"spacer.default\">\n\t\t\t\t\t\t\t<div class=\"elementor-spacer\">\n\t\t\t<div class=\"elementor-spacer-inner\"><\/div>\n\t\t<\/div>\n\t\t\t\t\t\t<\/div>\n\t\t\t\t<div class=\"elementor-element elementor-element-e28fc14 elementor-hidden-widescreen elementor-hidden-desktop elementor-hidden-laptop elementor-hidden-tablet_extra elementor-hidden-tablet elementor-hidden-mobile_extra elementor-hidden-mobile elementor-widget elementor-widget-text-editor\" data-id=\"e28fc14\" data-element_type=\"widget\" data-e-type=\"widget\" data-widget_type=\"text-editor.default\">\n\t\t\t\t\t\t\t\t\t<p><span style=\"color: #e9ad7a;\"><strong>Comment utilisons-nous les cookies ?<\/strong><\/span><\/p><p>Comme la plupart des services en ligne, notre site web utilise des cookies internes et tiers \u00e0 diverses fins. Les cookies internes sont principalement n\u00e9cessaires au bon fonctionnement du site et ne collectent aucune donn\u00e9e permettant de vous identifier personnellement.<\/p><p>Les cookies tiers utilis\u00e9s sur notre site web servent principalement \u00e0 comprendre les performances du site, votre interaction avec celui-ci, \u00e0 assurer la s\u00e9curit\u00e9 de nos services, \u00e0 vous proposer des publicit\u00e9s pertinentes et, globalement, \u00e0 vous offrir une exp\u00e9rience utilisateur am\u00e9lior\u00e9e et \u00e0 faciliter vos futures interactions avec notre site.<\/p>\t\t\t\t\t\t\t\t<\/div>\n\t\t\t\t<div class=\"elementor-element elementor-element-b53e5bd elementor-hidden-widescreen elementor-hidden-desktop elementor-hidden-laptop elementor-hidden-tablet_extra elementor-hidden-tablet elementor-hidden-mobile_extra elementor-hidden-mobile elementor-widget elementor-widget-spacer\" data-id=\"b53e5bd\" data-element_type=\"widget\" data-e-type=\"widget\" data-widget_type=\"spacer.default\">\n\t\t\t\t\t\t\t<div class=\"elementor-spacer\">\n\t\t\t<div class=\"elementor-spacer-inner\"><\/div>\n\t\t<\/div>\n\t\t\t\t\t\t<\/div>\n\t\t\t\t<div class=\"elementor-element elementor-element-d62b989 elementor-hidden-widescreen elementor-hidden-desktop elementor-hidden-laptop elementor-hidden-tablet_extra elementor-hidden-tablet elementor-hidden-mobile_extra elementor-hidden-mobile elementor-widget elementor-widget-text-editor\" data-id=\"d62b989\" data-element_type=\"widget\" data-e-type=\"widget\" data-widget_type=\"text-editor.default\">\n\t\t\t\t\t\t\t\t\t<p><span style=\"color: #e9ad7a;\"><strong>What types of cookies do we use?<\/strong><\/span><\/p><p><span style=\"font-weight: bold;\">Essential:<\/span> Some cookies are essential for you to be able to experience the full functionality of our site. They allow us to maintain user sessions and prevent any security threats. They do not collect or store any personal information. For example, these cookies allow you to log-in to your account and add products to your basket, and checkout securely.<\/p><p><span style=\"font-weight: bold;\">Statistics:<\/span> These cookies store information like the number of visitors to the website, the number of unique visitors, which pages of the website have been visited, the source of the visit, etc. These data help us understand and analyze how well the website performs and where it needs improvement.<\/p><p><span style=\"font-weight: bold;\">Marketing:<\/span> Our website displays advertisements. These cookies are used to personalize the advertisements that we show to you so that they are meaningful to you. These cookies also help us keep track of the efficiency of these ad campaigns.<\/p><p>The information stored in these cookies may also be used by the third-party ad providers to show you ads on other websites on the browser as well.<\/p><p><span style=\"font-weight: bold;\">Functional:<\/span> These are the cookies that help certain non-essential functionalities on our website. These functionalities include embedding content like videos or sharing content of the website on social media platforms.<\/p><p><span style=\"font-weight: bold;\">Preferences:<\/span> These cookies help us store your settings and browsing preferences like language preferences so that you have a better and efficient experience on future visits to the website.<\/p><p>[cookie_audit columns=&#8221;cookie,description&#8221; heading=&#8221;The below list details the cookies used in our website.&#8221;]<\/p>\t\t\t\t\t\t\t\t<\/div>\n\t\t\t\t<div class=\"elementor-element elementor-element-96acb0c elementor-hidden-widescreen elementor-hidden-desktop elementor-hidden-laptop elementor-hidden-tablet_extra elementor-hidden-tablet elementor-hidden-mobile_extra elementor-hidden-mobile elementor-widget elementor-widget-spacer\" data-id=\"96acb0c\" data-element_type=\"widget\" data-e-type=\"widget\" data-widget_type=\"spacer.default\">\n\t\t\t\t\t\t\t<div class=\"elementor-spacer\">\n\t\t\t<div class=\"elementor-spacer-inner\"><\/div>\n\t\t<\/div>\n\t\t\t\t\t\t<\/div>\n\t\t\t\t<div class=\"elementor-element elementor-element-bb6a632 elementor-hidden-widescreen elementor-hidden-desktop elementor-hidden-laptop elementor-hidden-tablet_extra elementor-hidden-tablet elementor-hidden-mobile_extra elementor-hidden-mobile elementor-widget elementor-widget-text-editor\" data-id=\"bb6a632\" data-element_type=\"widget\" data-e-type=\"widget\" data-widget_type=\"text-editor.default\">\n\t\t\t\t\t\t\t\t\t<p><span style=\"color: #e9ad7a;\"><strong>How can I control the cookie preferences?<\/strong><\/span><\/p><p>Should you decide to change your preferences later through your browsing session, you can click on the &#8220;Manage consent&#8221; tab on your screen. This will display the consent notice again enabling you to change your preferences or withdraw your consent entirely.<\/p><p>In addition to this, different browsers provide different methods to block and delete cookies used by websites. You can change the settings of your browser to block\/delete the cookies. To find out more about how to manage and delete cookies, visit <a href=\"https:\/\/en.wikipedia.org\/wiki\/HTTP_cookie\" target=\"_blank\" rel=\"nofollow noopener\">wikipedia.org<\/a>, <a href=\"http:\/\/www.allaboutcookies.org\/\" target=\"_blank\" rel=\"nofollow noopener\">www.allaboutcookies.org<\/a><\/p>\t\t\t\t\t\t\t\t<\/div>\n\t\t\t\t\t<\/div>\n\t\t<\/div>\n\t\t\t\t\t<\/div>\n\t\t<\/section>\n\t\t\t\t<\/div>","protected":false},"excerpt":{"rendered":"<p>Politique relative aux cookies Date d&#039;entr\u00e9e en vigueur\u00a0: 22 janvier 2025 Derni\u00e8re mise \u00e0 jour\u00a0: 22 janvier 2025 Que sont les cookies\u00a0? Cette politique relative aux cookies explique ce que sont les cookies et comment nous les utilisons, les types de cookies que nous utilisons (c\u2019est-\u00e0-dire les informations que nous collectons gr\u00e2ce aux cookies et comment ces informations sont utilis\u00e9es), et comment g\u00e9rer les param\u00e8tres des cookies. Les cookies sont de petits fichiers texte\u2026 <a class=\"more-link\" href=\"https:\/\/tralli.es\/fr\/cookie-policy\/\">Poursuivez votre lecture <span class=\"screen-reader-text\">Politique relative aux cookies<\/span><\/a><\/p>","protected":false},"author":1,"featured_media":0,"parent":0,"menu_order":0,"comment_status":"closed","ping_status":"closed","template":"elementor_header_footer","meta":{"content-type":"","footnotes":""},"class_list":["post-4903","page","type-page","status-publish","hentry","entry"],"yoast_head":"<!-- This site is optimized with the Yoast SEO plugin v27.4 - https:\/\/yoast.com\/product\/yoast-seo-wordpress\/ -->\n<title>Cookie Policy | Tralli<\/title>\n<meta name=\"description\" content=\"Read our cookie policy to learn how Tralli uses data to provide a secure, smooth, and personalized experience while browsing our website.\" \/>\n<meta name=\"robots\" content=\"noindex, follow\" \/>\n<meta property=\"og:locale\" content=\"fr_FR\" \/>\n<meta property=\"og:type\" content=\"article\" \/>\n<meta property=\"og:title\" content=\"Cookie Policy | Tralli\" \/>\n<meta property=\"og:description\" content=\"Read our cookie policy to learn how Tralli uses data to provide a secure, smooth, and personalized experience while browsing our website.\" \/>\n<meta property=\"og:url\" content=\"https:\/\/tralli.es\/fr\/politique-en-matiere-de-cookies\/\" \/>\n<meta property=\"og:site_name\" content=\"Tralli\" \/>\n<meta property=\"article:modified_time\" content=\"2025-06-02T11:40:53+00:00\" \/>\n<meta property=\"og:image\" content=\"https:\/\/tralli.es\/wp-content\/uploads\/2024\/11\/Screenshot-2024-11-14-at-17.23.59.webp\" \/>\n\t<meta property=\"og:image:width\" content=\"1901\" \/>\n\t<meta property=\"og:image:height\" content=\"837\" \/>\n\t<meta property=\"og:image:type\" content=\"image\/webp\" \/>\n<meta name=\"twitter:card\" content=\"summary_large_image\" \/>\n<meta name=\"twitter:label1\" content=\"Est. reading time\" \/>\n\t<meta name=\"twitter:data1\" content=\"5 minutes\" \/>\n<script type=\"application\/ld+json\" class=\"yoast-schema-graph\">{\"@context\":\"https:\\\/\\\/schema.org\",\"@graph\":[{\"@type\":\"WebPage\",\"@id\":\"https:\\\/\\\/tralli.es\\\/fr\\\/cookie-policy\\\/\",\"url\":\"https:\\\/\\\/tralli.es\\\/fr\\\/cookie-policy\\\/\",\"name\":\"Cookie Policy | Tralli\",\"isPartOf\":{\"@id\":\"https:\\\/\\\/tralli.es\\\/fr\\\/#website\"},\"datePublished\":\"2024-11-10T10:32:26+00:00\",\"dateModified\":\"2025-06-02T11:40:53+00:00\",\"description\":\"Read our cookie policy to learn how Tralli uses data to provide a secure, smooth, and personalized experience while browsing our website.\",\"breadcrumb\":{\"@id\":\"https:\\\/\\\/tralli.es\\\/fr\\\/cookie-policy\\\/#breadcrumb\"},\"inLanguage\":\"fr-FR\",\"potentialAction\":[{\"@type\":\"ReadAction\",\"target\":[\"https:\\\/\\\/tralli.es\\\/fr\\\/cookie-policy\\\/\"]}]},{\"@type\":\"BreadcrumbList\",\"@id\":\"https:\\\/\\\/tralli.es\\\/fr\\\/cookie-policy\\\/#breadcrumb\",\"itemListElement\":[{\"@type\":\"ListItem\",\"position\":1,\"name\":\"Home\",\"item\":\"https:\\\/\\\/tralli.es\\\/\"},{\"@type\":\"ListItem\",\"position\":2,\"name\":\"Cookie policy\"}]},{\"@type\":\"WebSite\",\"@id\":\"https:\\\/\\\/tralli.es\\\/fr\\\/#website\",\"url\":\"https:\\\/\\\/tralli.es\\\/fr\\\/\",\"name\":\"Tralli\",\"description\":\"Enjoy your luggage-free experience in Valencia!\",\"publisher\":{\"@id\":\"https:\\\/\\\/tralli.es\\\/fr\\\/#organization\"},\"potentialAction\":[{\"@type\":\"SearchAction\",\"target\":{\"@type\":\"EntryPoint\",\"urlTemplate\":\"https:\\\/\\\/tralli.es\\\/fr\\\/?s={search_term_string}\"},\"query-input\":{\"@type\":\"PropertyValueSpecification\",\"valueRequired\":true,\"valueName\":\"search_term_string\"}}],\"inLanguage\":\"fr-FR\"},{\"@type\":\"Organization\",\"@id\":\"https:\\\/\\\/tralli.es\\\/fr\\\/#organization\",\"name\":\"Tralli\",\"url\":\"https:\\\/\\\/tralli.es\\\/fr\\\/\",\"logo\":{\"@type\":\"ImageObject\",\"inLanguage\":\"fr-FR\",\"@id\":\"https:\\\/\\\/tralli.es\\\/fr\\\/#\\\/schema\\\/logo\\\/image\\\/\",\"url\":\"https:\\\/\\\/tralli.es\\\/wp-content\\\/uploads\\\/2024\\\/11\\\/Main.png\",\"contentUrl\":\"https:\\\/\\\/tralli.es\\\/wp-content\\\/uploads\\\/2024\\\/11\\\/Main.png\",\"width\":2378,\"height\":984,\"caption\":\"Tralli\"},\"image\":{\"@id\":\"https:\\\/\\\/tralli.es\\\/fr\\\/#\\\/schema\\\/logo\\\/image\\\/\"},\"sameAs\":[\"https:\\\/\\\/www.linkedin.com\\\/company\\\/tralli\\\/\",\"https:\\\/\\\/www.instagram.com\\\/tralli.es\\\/\"]}]}<\/script>\n<!-- \/ Yoast SEO plugin. -->","yoast_head_json":{"title":"Politique relative aux cookies | Tralli","description":"Consultez notre politique en mati\u00e8re de cookies pour savoir comment Tralli utilise les donn\u00e9es afin de vous offrir une exp\u00e9rience s\u00e9curis\u00e9e, fluide et personnalis\u00e9e lors de votre navigation sur notre site web.","robots":{"index":"noindex","follow":"follow"},"og_locale":"fr_FR","og_type":"article","og_title":"Cookie Policy | Tralli","og_description":"Read our cookie policy to learn how Tralli uses data to provide a secure, smooth, and personalized experience while browsing our website.","og_url":"https:\/\/tralli.es\/fr\/politique-en-matiere-de-cookies\/","og_site_name":"Tralli","article_modified_time":"2025-06-02T11:40:53+00:00","og_image":[{"width":1901,"height":837,"url":"https:\/\/tralli.es\/wp-content\/uploads\/2024\/11\/Screenshot-2024-11-14-at-17.23.59.webp","type":"image\/webp"}],"twitter_card":"summary_large_image","twitter_misc":{"Est. reading time":"5 minutes"},"schema":{"@context":"https:\/\/schema.org","@graph":[{"@type":"WebPage","@id":"https:\/\/tralli.es\/fr\/cookie-policy\/","url":"https:\/\/tralli.es\/fr\/cookie-policy\/","name":"Politique relative aux cookies | Tralli","isPartOf":{"@id":"https:\/\/tralli.es\/fr\/#website"},"datePublished":"2024-11-10T10:32:26+00:00","dateModified":"2025-06-02T11:40:53+00:00","description":"Consultez notre politique en mati\u00e8re de cookies pour savoir comment Tralli utilise les donn\u00e9es afin de vous offrir une exp\u00e9rience s\u00e9curis\u00e9e, fluide et personnalis\u00e9e lors de votre navigation sur notre site web.","breadcrumb":{"@id":"https:\/\/tralli.es\/fr\/cookie-policy\/#breadcrumb"},"inLanguage":"fr-FR","potentialAction":[{"@type":"ReadAction","target":["https:\/\/tralli.es\/fr\/cookie-policy\/"]}]},{"@type":"BreadcrumbList","@id":"https:\/\/tralli.es\/fr\/cookie-policy\/#breadcrumb","itemListElement":[{"@type":"ListItem","position":1,"name":"Home","item":"https:\/\/tralli.es\/"},{"@type":"ListItem","position":2,"name":"Cookie policy"}]},{"@type":"WebSite","@id":"https:\/\/tralli.es\/fr\/#website","url":"https:\/\/tralli.es\/fr\/","name":"Tralli","description":"Profitez pleinement de votre s\u00e9jour sans bagages \u00e0 Valence !","publisher":{"@id":"https:\/\/tralli.es\/fr\/#organization"},"potentialAction":[{"@type":"SearchAction","target":{"@type":"EntryPoint","urlTemplate":"https:\/\/tralli.es\/fr\/?s={search_term_string}"},"query-input":{"@type":"PropertyValueSpecification","valueRequired":true,"valueName":"search_term_string"}}],"inLanguage":"fr-FR"},{"@type":"Organization","@id":"https:\/\/tralli.es\/fr\/#organization","name":"Tralli","url":"https:\/\/tralli.es\/fr\/","logo":{"@type":"ImageObject","inLanguage":"fr-FR","@id":"https:\/\/tralli.es\/fr\/#\/schema\/logo\/image\/","url":"https:\/\/tralli.es\/wp-content\/uploads\/2024\/11\/Main.png","contentUrl":"https:\/\/tralli.es\/wp-content\/uploads\/2024\/11\/Main.png","width":2378,"height":984,"caption":"Tralli"},"image":{"@id":"https:\/\/tralli.es\/fr\/#\/schema\/logo\/image\/"},"sameAs":["https:\/\/www.linkedin.com\/company\/tralli\/","https:\/\/www.instagram.com\/tralli.es\/"]}]}},"_links":{"self":[{"href":"https:\/\/tralli.es\/fr\/wp-json\/wp\/v2\/pages\/4903","targetHints":{"allow":["GET"]}}],"collection":[{"href":"https:\/\/tralli.es\/fr\/wp-json\/wp\/v2\/pages"}],"about":[{"href":"https:\/\/tralli.es\/fr\/wp-json\/wp\/v2\/types\/page"}],"author":[{"embeddable":true,"href":"https:\/\/tralli.es\/fr\/wp-json\/wp\/v2\/users\/1"}],"replies":[{"embeddable":true,"href":"https:\/\/tralli.es\/fr\/wp-json\/wp\/v2\/comments?post=4903"}],"version-history":[{"count":19,"href":"https:\/\/tralli.es\/fr\/wp-json\/wp\/v2\/pages\/4903\/revisions"}],"predecessor-version":[{"id":6056,"href":"https:\/\/tralli.es\/fr\/wp-json\/wp\/v2\/pages\/4903\/revisions\/6056"}],"wp:attachment":[{"href":"https:\/\/tralli.es\/fr\/wp-json\/wp\/v2\/media?parent=4903"}],"curies":[{"name":"wp","href":"https:\/\/api.w.org\/{rel}","templated":true}]}}